{"id":2781,"date":"2020-09-29T09:50:54","date_gmt":"2020-09-29T07:50:54","guid":{"rendered":"https:\/\/xps.hoch.com.pl\/dofinansowanie\/"},"modified":"2020-12-21T11:10:07","modified_gmt":"2020-12-21T10:10:07","slug":"dofinansowanie-sk","status":"publish","type":"page","link":"https:\/\/xps.hoch.com.pl\/sk\/dofinansowanie-sk\/","title":{"rendered":"Dofinansowanie"},"content":{"rendered":"<div class=\"fusion-fullwidth fullwidth-box fusion-builder-row-1 fusion-flex-container nonhundred-percent-fullwidth non-hundred-percent-height-scrolling\" style=\"--awb-border-radius-top-left:0px;--awb-border-radius-top-right:0px;--awb-border-radius-bottom-right:0px;--awb-border-radius-bottom-left:0px;--awb-padding-top:50px;--awb-padding-bottom:50px;--awb-flex-wrap:wrap;\" ><div class=\"fusion-builder-row fusion-row fusion-flex-align-items-flex-start fusion-flex-content-wrap\" style=\"max-width:1768px;margin-left: calc(-4% \/ 2 );margin-right: calc(-4% \/ 2 );\"><div class=\"fusion-layout-column fusion_builder_column fusion-builder-column-0 fusion_builder_column_1_1 1_1 fusion-flex-column\" style=\"--awb-bg-size:cover;--awb-width-large:100%;--awb-margin-top-large:0px;--awb-spacing-right-large:1.92%;--awb-margin-bottom-large:20px;--awb-spacing-left-large:1.92%;--awb-width-medium:100%;--awb-order-medium:0;--awb-spacing-right-medium:1.92%;--awb-spacing-left-medium:1.92%;--awb-width-small:100%;--awb-order-small:0;--awb-spacing-right-small:1.92%;--awb-spacing-left-small:1.92%;\"><div class=\"fusion-column-wrapper fusion-column-has-shadow fusion-flex-justify-content-flex-start fusion-content-layout-column\"><div class=\"fusion-content-boxes content-boxes columns row fusion-columns-4 fusion-columns-total-4 fusion-content-boxes-1 content-boxes-icon-with-title content-left\" style=\"--awb-hover-accent-color:#65bc7b;--awb-circle-hover-accent-color:#65bc7b;\" data-animationOffset=\"top-into-view\"><div style=\"--awb-backgroundcolor:rgba(255,255,255,0);\" class=\"fusion-column content-box-column content-box-column content-box-column-1 col-lg-3 col-md-3 col-sm-3 fusion-content-box-hover content-box-column-first-in-row\"><div class=\"col content-box-wrapper content-wrapper link-area-box content-icon-wrapper-yes icon-hover-animation-fade\" data-animationOffset=\"top-into-view\"><div class=\"heading heading-with-icon icon-left\"><div aria-hidden=\"true\" class=\"image\"><img decoding=\"async\" src=\"https:\/\/xps.hoch.com.pl\/wp-content\/uploads\/2020\/09\/fundusze-europejskie.jpg\" width=\"136\" height=\"60\" alt=\"\" \/><\/div><\/div><\/div><\/div><div style=\"--awb-backgroundcolor:rgba(255,255,255,0);\" class=\"fusion-column content-box-column content-box-column content-box-column-2 col-lg-3 col-md-3 col-sm-3 fusion-content-box-hover \"><div class=\"col content-box-wrapper content-wrapper link-area-box content-icon-wrapper-yes icon-hover-animation-fade\" data-animationOffset=\"top-into-view\"><div class=\"heading heading-with-icon icon-left\"><div aria-hidden=\"true\" class=\"image\"><img decoding=\"async\" src=\"https:\/\/xps.hoch.com.pl\/wp-content\/uploads\/2020\/09\/rp.jpg\" width=\"256\" height=\"60\" alt=\"\" \/><\/div><\/div><\/div><\/div><div style=\"--awb-backgroundcolor:rgba(255,255,255,0);\" class=\"fusion-column content-box-column content-box-column content-box-column-3 col-lg-3 col-md-3 col-sm-3 fusion-content-box-hover \"><div class=\"col content-box-wrapper content-wrapper link-area-box content-icon-wrapper-yes icon-hover-animation-fade\" data-animationOffset=\"top-into-view\"><div class=\"heading heading-with-icon icon-left\"><div aria-hidden=\"true\" class=\"image\"><img decoding=\"async\" src=\"https:\/\/xps.hoch.com.pl\/wp-content\/uploads\/2020\/09\/parp.jpg\" width=\"160\" height=\"60\" alt=\"\" \/><\/div><\/div><\/div><\/div><div style=\"--awb-backgroundcolor:rgba(255,255,255,0);\" class=\"fusion-column content-box-column content-box-column content-box-column-4 col-lg-3 col-md-3 col-sm-3 fusion-content-box-hover content-box-column-last content-box-column-last-in-row\"><div class=\"col content-box-wrapper content-wrapper link-area-box content-icon-wrapper-yes icon-hover-animation-fade\" data-animationOffset=\"top-into-view\"><div class=\"heading heading-with-icon icon-left\"><div aria-hidden=\"true\" class=\"image\"><img decoding=\"async\" src=\"https:\/\/xps.hoch.com.pl\/wp-content\/uploads\/2020\/09\/UE.jpg\" width=\"258\" height=\"60\" alt=\"\" \/><\/div><\/div><\/div><\/div><div class=\"fusion-clearfix\"><\/div><\/div><div class=\"fusion-text fusion-text-1\" style=\"--awb-font-size:18px;\"><p><b>HOCH Systemy Kominowe Sp\u00f3\u0142ka z ograniczon\u0105 odpowiedzialno\u015bci\u0105 Sp\u00f3\u0142ka Komandytowa realizuje projekt spolufinancovan\u00fd z eur\u00f3pskych fondov s n\u00e1zvom \u201eImplement\u00e1cia v\u00fdsledkov v\u00fdskumn\u00fdch a v\u00fdvojov\u00fdch pr\u00e1c a zah\u00e1jenie v\u00fdroby dosiek XPS so zlep\u0161en\u00fdmi \u00fa\u017eitkov\u00fdmi vlastnos\u0165ami.\u201d<\/b><\/p>\n<\/div><div class=\"fusion-text fusion-text-2\"><p>Cie\u013eom projektu je uvies\u0165 na trh inovat\u00edvne dosky XPS (vyroben\u00e9 z expandovan\u00e9ho polystyr\u00e9nu) s jedine\u010dn\u00fdm povlakom, vyvinut\u00fdm na z\u00e1klade v\u00fdskumn\u00fdch a v\u00fdvojov\u00fdch pr\u00e1c a prieskumu trhu.<\/p>\n<p>V\u00fdsledkom projektu bude implement\u00e1cia nov\u00e9ho produktu so zlep\u0161en\u00fdmi funk\u010dn\u00fdmi vlastnos\u0165ami, \u010do spolo\u010dnosti umo\u017en\u00ed z\u00edska\u0165 konkuren\u010dn\u00fa v\u00fdhodu. Unik\u00e1tna technol\u00f3gia zlep\u0161\u00ed parametre mechanickej pevnosti dosky, zlep\u0161\u00ed jej protiples\u0148ov\u00e9 vlastnosti a zn\u00ed\u017ei nasiakavos\u0165 vody.<\/p>\n<p><b>Hodnota projektu: 18 047 554,00 pln<\/b><\/p>\n<p><b>Dofinancovanie projektu z E\u00da: 9 313 260,00 pln<\/b><\/p>\n<\/div><\/div><\/div><\/div><\/div>\n","protected":false},"excerpt":{"rendered":"","protected":false},"author":1,"featured_media":0,"parent":0,"menu_order":0,"comment_status":"closed","ping_status":"closed","template":"","meta":{"footnotes":""},"class_list":["post-2781","page","type-page","status-publish","hentry"],"yoast_head":"<!-- This site is optimized with the Yoast SEO Premium plugin v23.0 (Yoast SEO v27.4) - https:\/\/yoast.com\/product\/yoast-seo-premium-wordpress\/ -->\n<title>Dofinansowanie - Hoch XPS<\/title>\n<meta name=\"robots\" content=\"index, follow, max-snippet:-1, max-image-preview:large, max-video-preview:-1\" \/>\n<link rel=\"canonical\" href=\"https:\/\/xps.hoch.com.pl\/sk\/dofinansowanie-sk\/\" \/>\n<meta property=\"og:locale\" content=\"sk_SK\" \/>\n<meta property=\"og:type\" content=\"article\" \/>\n<meta property=\"og:title\" content=\"Dofinansowanie\" \/>\n<meta property=\"og:url\" content=\"https:\/\/xps.hoch.com.pl\/sk\/dofinansowanie-sk\/\" \/>\n<meta property=\"og:site_name\" content=\"Hoch XPS\" \/>\n<meta property=\"article:publisher\" content=\"https:\/\/www.facebook.com\/firmahoch\" \/>\n<meta property=\"article:modified_time\" content=\"2020-12-21T10:10:07+00:00\" \/>\n<meta name=\"twitter:card\" content=\"summary_large_image\" \/>\n<meta name=\"twitter:label1\" content=\"Predpokladan\u00fd \u010das \u010d\u00edtania\" \/>\n\t<meta name=\"twitter:data1\" content=\"4 min\u00faty\" \/>\n<script type=\"application\/ld+json\" class=\"yoast-schema-graph\">{\"@context\":\"https:\\\/\\\/schema.org\",\"@graph\":[{\"@type\":\"WebPage\",\"@id\":\"https:\\\/\\\/xps.hoch.com.pl\\\/sk\\\/dofinansowanie-sk\\\/\",\"url\":\"https:\\\/\\\/xps.hoch.com.pl\\\/sk\\\/dofinansowanie-sk\\\/\",\"name\":\"Dofinansowanie - Hoch XPS\",\"isPartOf\":{\"@id\":\"https:\\\/\\\/xps.hoch.com.pl\\\/#website\"},\"datePublished\":\"2020-09-29T07:50:54+00:00\",\"dateModified\":\"2020-12-21T10:10:07+00:00\",\"breadcrumb\":{\"@id\":\"https:\\\/\\\/xps.hoch.com.pl\\\/sk\\\/dofinansowanie-sk\\\/#breadcrumb\"},\"inLanguage\":\"sk-SK\",\"potentialAction\":[{\"@type\":\"ReadAction\",\"target\":[\"https:\\\/\\\/xps.hoch.com.pl\\\/sk\\\/dofinansowanie-sk\\\/\"]}]},{\"@type\":\"BreadcrumbList\",\"@id\":\"https:\\\/\\\/xps.hoch.com.pl\\\/sk\\\/dofinansowanie-sk\\\/#breadcrumb\",\"itemListElement\":[{\"@type\":\"ListItem\",\"position\":1,\"name\":\"Strona g\u0142\u00f3wna\",\"item\":\"https:\\\/\\\/xps.hoch.com.pl\\\/sk\\\/\"},{\"@type\":\"ListItem\",\"position\":2,\"name\":\"Dofinansowanie\"}]},{\"@type\":\"WebSite\",\"@id\":\"https:\\\/\\\/xps.hoch.com.pl\\\/#website\",\"url\":\"https:\\\/\\\/xps.hoch.com.pl\\\/\",\"name\":\"Hoch XPS\",\"description\":\"Polistyren Ekstrudowany\",\"publisher\":{\"@id\":\"https:\\\/\\\/xps.hoch.com.pl\\\/#organization\"},\"potentialAction\":[{\"@type\":\"SearchAction\",\"target\":{\"@type\":\"EntryPoint\",\"urlTemplate\":\"https:\\\/\\\/xps.hoch.com.pl\\\/?s={search_term_string}\"},\"query-input\":{\"@type\":\"PropertyValueSpecification\",\"valueRequired\":true,\"valueName\":\"search_term_string\"}}],\"inLanguage\":\"sk-SK\"},{\"@type\":\"Organization\",\"@id\":\"https:\\\/\\\/xps.hoch.com.pl\\\/#organization\",\"name\":\"Hoch XPS\",\"url\":\"https:\\\/\\\/xps.hoch.com.pl\\\/\",\"logo\":{\"@type\":\"ImageObject\",\"inLanguage\":\"sk-SK\",\"@id\":\"https:\\\/\\\/xps.hoch.com.pl\\\/#\\\/schema\\\/logo\\\/image\\\/\",\"url\":\"https:\\\/\\\/xps.hoch.com.pl\\\/wp-content\\\/uploads\\\/2020\\\/05\\\/Logo.png\",\"contentUrl\":\"https:\\\/\\\/xps.hoch.com.pl\\\/wp-content\\\/uploads\\\/2020\\\/05\\\/Logo.png\",\"width\":281,\"height\":48,\"caption\":\"Hoch XPS\"},\"image\":{\"@id\":\"https:\\\/\\\/xps.hoch.com.pl\\\/#\\\/schema\\\/logo\\\/image\\\/\"},\"sameAs\":[\"https:\\\/\\\/www.facebook.com\\\/firmahoch\",\"https:\\\/\\\/www.youtube.com\\\/channel\\\/UCZjmdX5bLe1ldyuuJ0nfp_A\"]}]}<\/script>\n<!-- \/ Yoast SEO Premium plugin. -->","yoast_head_json":{"title":"Dofinansowanie - Hoch XPS","robots":{"index":"index","follow":"follow","max-snippet":"max-snippet:-1","max-image-preview":"max-image-preview:large","max-video-preview":"max-video-preview:-1"},"canonical":"https:\/\/xps.hoch.com.pl\/sk\/dofinansowanie-sk\/","og_locale":"sk_SK","og_type":"article","og_title":"Dofinansowanie","og_url":"https:\/\/xps.hoch.com.pl\/sk\/dofinansowanie-sk\/","og_site_name":"Hoch XPS","article_publisher":"https:\/\/www.facebook.com\/firmahoch","article_modified_time":"2020-12-21T10:10:07+00:00","twitter_card":"summary_large_image","twitter_misc":{"Predpokladan\u00fd \u010das \u010d\u00edtania":"4 min\u00faty"},"schema":{"@context":"https:\/\/schema.org","@graph":[{"@type":"WebPage","@id":"https:\/\/xps.hoch.com.pl\/sk\/dofinansowanie-sk\/","url":"https:\/\/xps.hoch.com.pl\/sk\/dofinansowanie-sk\/","name":"Dofinansowanie - Hoch XPS","isPartOf":{"@id":"https:\/\/xps.hoch.com.pl\/#website"},"datePublished":"2020-09-29T07:50:54+00:00","dateModified":"2020-12-21T10:10:07+00:00","breadcrumb":{"@id":"https:\/\/xps.hoch.com.pl\/sk\/dofinansowanie-sk\/#breadcrumb"},"inLanguage":"sk-SK","potentialAction":[{"@type":"ReadAction","target":["https:\/\/xps.hoch.com.pl\/sk\/dofinansowanie-sk\/"]}]},{"@type":"BreadcrumbList","@id":"https:\/\/xps.hoch.com.pl\/sk\/dofinansowanie-sk\/#breadcrumb","itemListElement":[{"@type":"ListItem","position":1,"name":"Strona g\u0142\u00f3wna","item":"https:\/\/xps.hoch.com.pl\/sk\/"},{"@type":"ListItem","position":2,"name":"Dofinansowanie"}]},{"@type":"WebSite","@id":"https:\/\/xps.hoch.com.pl\/#website","url":"https:\/\/xps.hoch.com.pl\/","name":"Hoch XPS","description":"Polistyren Ekstrudowany","publisher":{"@id":"https:\/\/xps.hoch.com.pl\/#organization"},"potentialAction":[{"@type":"SearchAction","target":{"@type":"EntryPoint","urlTemplate":"https:\/\/xps.hoch.com.pl\/?s={search_term_string}"},"query-input":{"@type":"PropertyValueSpecification","valueRequired":true,"valueName":"search_term_string"}}],"inLanguage":"sk-SK"},{"@type":"Organization","@id":"https:\/\/xps.hoch.com.pl\/#organization","name":"Hoch XPS","url":"https:\/\/xps.hoch.com.pl\/","logo":{"@type":"ImageObject","inLanguage":"sk-SK","@id":"https:\/\/xps.hoch.com.pl\/#\/schema\/logo\/image\/","url":"https:\/\/xps.hoch.com.pl\/wp-content\/uploads\/2020\/05\/Logo.png","contentUrl":"https:\/\/xps.hoch.com.pl\/wp-content\/uploads\/2020\/05\/Logo.png","width":281,"height":48,"caption":"Hoch XPS"},"image":{"@id":"https:\/\/xps.hoch.com.pl\/#\/schema\/logo\/image\/"},"sameAs":["https:\/\/www.facebook.com\/firmahoch","https:\/\/www.youtube.com\/channel\/UCZjmdX5bLe1ldyuuJ0nfp_A"]}]}},"_links":{"self":[{"href":"https:\/\/xps.hoch.com.pl\/sk\/wp-json\/wp\/v2\/pages\/2781","targetHints":{"allow":["GET"]}}],"collection":[{"href":"https:\/\/xps.hoch.com.pl\/sk\/wp-json\/wp\/v2\/pages"}],"about":[{"href":"https:\/\/xps.hoch.com.pl\/sk\/wp-json\/wp\/v2\/types\/page"}],"author":[{"embeddable":true,"href":"https:\/\/xps.hoch.com.pl\/sk\/wp-json\/wp\/v2\/users\/1"}],"replies":[{"embeddable":true,"href":"https:\/\/xps.hoch.com.pl\/sk\/wp-json\/wp\/v2\/comments?post=2781"}],"version-history":[{"count":2,"href":"https:\/\/xps.hoch.com.pl\/sk\/wp-json\/wp\/v2\/pages\/2781\/revisions"}],"predecessor-version":[{"id":2783,"href":"https:\/\/xps.hoch.com.pl\/sk\/wp-json\/wp\/v2\/pages\/2781\/revisions\/2783"}],"wp:attachment":[{"href":"https:\/\/xps.hoch.com.pl\/sk\/wp-json\/wp\/v2\/media?parent=2781"}],"curies":[{"name":"wp","href":"https:\/\/api.w.org\/{rel}","templated":true}]}}